{"id":3097374,"date":"2025-02-09T14:14:43","date_gmt":"2025-02-09T14:14:43","guid":{"rendered":"https:\/\/www.clicdata.com\/visualizacion-e-informes\/"},"modified":"2025-12-02T10:48:42","modified_gmt":"2025-12-02T10:48:42","slug":"visualizacion-e-informes","status":"publish","type":"page","link":"https:\/\/www.clicdata.com\/es\/plataforma\/visualizacion-e-informes\/","title":{"rendered":"Visualizaci\u00f3n e informes"},"content":{"rendered":"","protected":false},"excerpt":{"rendered":"","protected":false},"author":2,"featured_media":0,"parent":3097381,"menu_order":0,"comment_status":"closed","ping_status":"closed","template":"","meta":{"_acf_changed":false,"_seopress_robots_primary_cat":"","_seopress_titles_title":"Herramienta de visualizaci\u00f3n de datos: Generador de Cuadros de Mando e Informes Personalizados","_seopress_titles_desc":"Construye cuadros de mando e informes interactivos con nuestra intuitiva herramienta de visualizaci\u00f3n de datos. Convierte los datos brutos en informaci\u00f3n en tiempo real que impulse la acci\u00f3n. ","_seopress_robots_index":"","_seopress_analysis_target_kw":"","footnotes":""},"class_list":["post-3097374","page","type-page","status-publish","hentry"],"acf":[],"_links":{"self":[{"href":"https:\/\/www.clicdata.com\/es\/wp-json\/wp\/v2\/pages\/3097374","targetHints":{"allow":["GET"]}}],"collection":[{"href":"https:\/\/www.clicdata.com\/es\/wp-json\/wp\/v2\/pages"}],"about":[{"href":"https:\/\/www.clicdata.com\/es\/wp-json\/wp\/v2\/types\/page"}],"author":[{"embeddable":true,"href":"https:\/\/www.clicdata.com\/es\/wp-json\/wp\/v2\/users\/2"}],"replies":[{"embeddable":true,"href":"https:\/\/www.clicdata.com\/es\/wp-json\/wp\/v2\/comments?post=3097374"}],"version-history":[{"count":1,"href":"https:\/\/www.clicdata.com\/es\/wp-json\/wp\/v2\/pages\/3097374\/revisions"}],"predecessor-version":[{"id":3097382,"href":"https:\/\/www.clicdata.com\/es\/wp-json\/wp\/v2\/pages\/3097374\/revisions\/3097382"}],"up":[{"embeddable":true,"href":"https:\/\/www.clicdata.com\/es\/wp-json\/wp\/v2\/pages\/3097381"}],"wp:attachment":[{"href":"https:\/\/www.clicdata.com\/es\/wp-json\/wp\/v2\/media?parent=3097374"}],"curies":[{"name":"wp","href":"https:\/\/api.w.org\/{rel}","templated":true}]}}