{"id":3097254,"date":"2024-10-05T13:09:37","date_gmt":"2024-10-05T13:09:37","guid":{"rendered":"https:\/\/www.clicdata.com\/empresa\/contacta-con-nosotros\/"},"modified":"2025-08-26T13:42:48","modified_gmt":"2025-08-26T13:42:48","slug":"contactanos","status":"publish","type":"page","link":"https:\/\/www.clicdata.com\/es\/empresa\/contactanos\/","title":{"rendered":"Contactanos"},"content":{"rendered":"","protected":false},"excerpt":{"rendered":"","protected":false},"author":1,"featured_media":0,"parent":3097253,"menu_order":0,"comment_status":"closed","ping_status":"closed","template":"","meta":{"_acf_changed":false,"_seopress_robots_primary_cat":"","_seopress_titles_title":"Contacta con nosotros - Estamos deseando saber de ti | ClicData","_seopress_titles_desc":"Escr\u00edbenos sobre tus proyectos de datos y nuestro equipo se pondr\u00e1 en contacto contigo en breve. Tambi\u00e9n puedes reservar una llamada o simplemente llamarnos.","_seopress_robots_index":"","footnotes":""},"class_list":["post-3097254","page","type-page","status-publish","hentry"],"acf":[],"_links":{"self":[{"href":"https:\/\/www.clicdata.com\/es\/wp-json\/wp\/v2\/pages\/3097254","targetHints":{"allow":["GET"]}}],"collection":[{"href":"https:\/\/www.clicdata.com\/es\/wp-json\/wp\/v2\/pages"}],"about":[{"href":"https:\/\/www.clicdata.com\/es\/wp-json\/wp\/v2\/types\/page"}],"author":[{"embeddable":true,"href":"https:\/\/www.clicdata.com\/es\/wp-json\/wp\/v2\/users\/1"}],"replies":[{"embeddable":true,"href":"https:\/\/www.clicdata.com\/es\/wp-json\/wp\/v2\/comments?post=3097254"}],"version-history":[{"count":2,"href":"https:\/\/www.clicdata.com\/es\/wp-json\/wp\/v2\/pages\/3097254\/revisions"}],"predecessor-version":[{"id":3099734,"href":"https:\/\/www.clicdata.com\/es\/wp-json\/wp\/v2\/pages\/3097254\/revisions\/3099734"}],"up":[{"embeddable":true,"href":"https:\/\/www.clicdata.com\/es\/wp-json\/wp\/v2\/pages\/3097253"}],"wp:attachment":[{"href":"https:\/\/www.clicdata.com\/es\/wp-json\/wp\/v2\/media?parent=3097254"}],"curies":[{"name":"wp","href":"https:\/\/api.w.org\/{rel}","templated":true}]}}