{"id":3097253,"date":"2024-10-25T20:08:43","date_gmt":"2024-10-25T20:08:43","guid":{"rendered":"https:\/\/www.clicdata.com\/empresa\/"},"modified":"2024-10-25T20:08:43","modified_gmt":"2024-10-25T20:08:43","slug":"empresa","status":"publish","type":"page","link":"https:\/\/www.clicdata.com\/es\/empresa\/","title":{"rendered":"Empresa"},"content":{"rendered":"","protected":false},"excerpt":{"rendered":"","protected":false},"author":1,"featured_media":0,"parent":0,"menu_order":0,"comment_status":"closed","ping_status":"closed","template":"","meta":{"_acf_changed":false,"_seopress_robots_primary_cat":"","_seopress_titles_title":"Somos ClicData: Potenciando decisiones empresariales m\u00e1s inteligentes","_seopress_titles_desc":"En ClicData, creamos una plataforma potente, f\u00e1cil e inteligente para ayudarte a convertir datos complejos en perspectivas claras. Conoce a la empresa que est\u00e1 detr\u00e1s de una anal\u00edtica m\u00e1s inteligente. ","_seopress_robots_index":"","footnotes":""},"class_list":["post-3097253","page","type-page","status-publish","hentry"],"acf":[],"_links":{"self":[{"href":"https:\/\/www.clicdata.com\/es\/wp-json\/wp\/v2\/pages\/3097253","targetHints":{"allow":["GET"]}}],"collection":[{"href":"https:\/\/www.clicdata.com\/es\/wp-json\/wp\/v2\/pages"}],"about":[{"href":"https:\/\/www.clicdata.com\/es\/wp-json\/wp\/v2\/types\/page"}],"author":[{"embeddable":true,"href":"https:\/\/www.clicdata.com\/es\/wp-json\/wp\/v2\/users\/1"}],"replies":[{"embeddable":true,"href":"https:\/\/www.clicdata.com\/es\/wp-json\/wp\/v2\/comments?post=3097253"}],"version-history":[{"count":0,"href":"https:\/\/www.clicdata.com\/es\/wp-json\/wp\/v2\/pages\/3097253\/revisions"}],"wp:attachment":[{"href":"https:\/\/www.clicdata.com\/es\/wp-json\/wp\/v2\/media?parent=3097253"}],"curies":[{"name":"wp","href":"https:\/\/api.w.org\/{rel}","templated":true}]}}