{"id":3097247,"date":"2024-10-06T17:05:31","date_gmt":"2024-10-06T17:05:31","guid":{"rendered":"https:\/\/www.clicdata.com\/precios\/"},"modified":"2025-12-10T08:40:12","modified_gmt":"2025-12-10T08:40:12","slug":"precios","status":"publish","type":"page","link":"https:\/\/www.clicdata.com\/es\/precios\/","title":{"rendered":"Precios"},"content":{"rendered":"","protected":false},"excerpt":{"rendered":"","protected":false},"author":1,"featured_media":0,"parent":0,"menu_order":0,"comment_status":"closed","ping_status":"closed","template":"","meta":{"_acf_changed":false,"_seopress_robots_primary_cat":"","_seopress_titles_title":"ClicData: Precios transparentes para empezar r\u00e1pidamente","_seopress_titles_desc":"No te pierdas en una lista de complementos y complejas opciones de implantaci\u00f3n. 4 planes sencillos para empezar r\u00e1pidamente tus proyectos de gesti\u00f3n y an\u00e1lisis de datos. ","_seopress_robots_index":"","footnotes":""},"class_list":["post-3097247","page","type-page","status-publish","hentry"],"acf":[],"_links":{"self":[{"href":"https:\/\/www.clicdata.com\/es\/wp-json\/wp\/v2\/pages\/3097247","targetHints":{"allow":["GET"]}}],"collection":[{"href":"https:\/\/www.clicdata.com\/es\/wp-json\/wp\/v2\/pages"}],"about":[{"href":"https:\/\/www.clicdata.com\/es\/wp-json\/wp\/v2\/types\/page"}],"author":[{"embeddable":true,"href":"https:\/\/www.clicdata.com\/es\/wp-json\/wp\/v2\/users\/1"}],"replies":[{"embeddable":true,"href":"https:\/\/www.clicdata.com\/es\/wp-json\/wp\/v2\/comments?post=3097247"}],"version-history":[{"count":1,"href":"https:\/\/www.clicdata.com\/es\/wp-json\/wp\/v2\/pages\/3097247\/revisions"}],"predecessor-version":[{"id":3101679,"href":"https:\/\/www.clicdata.com\/es\/wp-json\/wp\/v2\/pages\/3097247\/revisions\/3101679"}],"wp:attachment":[{"href":"https:\/\/www.clicdata.com\/es\/wp-json\/wp\/v2\/media?parent=3097247"}],"curies":[{"name":"wp","href":"https:\/\/api.w.org\/{rel}","templated":true}]}}