{"id":3097246,"date":"2024-11-03T19:11:57","date_gmt":"2024-11-03T19:11:57","guid":{"rendered":"https:\/\/www.clicdata.com\/comparacion-de-precios\/"},"modified":"2026-04-14T09:49:48","modified_gmt":"2026-04-14T09:49:48","slug":"comparacion-de-precios","status":"publish","type":"page","link":"https:\/\/www.clicdata.com\/es\/precios\/comparacion-de-precios\/","title":{"rendered":"Comparaci\u00f3n de precios"},"content":{"rendered":"","protected":false},"excerpt":{"rendered":"","protected":false},"author":2,"featured_media":0,"parent":3097247,"menu_order":0,"comment_status":"closed","ping_status":"closed","template":"","meta":{"_acf_changed":false,"_seopress_robots_primary_cat":"","_seopress_titles_title":"ClicData: Comparaci\u00f3n de precios y planes","_seopress_titles_desc":"ClicData se adapta a todos los requisitos y presupuestos. Compara las caracter\u00edsticas y l\u00edmites de cada plan para encontrar el m\u00e1s adecuado para tu equipo. ","_seopress_robots_index":"","footnotes":""},"class_list":["post-3097246","page","type-page","status-publish","hentry"],"acf":[],"_links":{"self":[{"href":"https:\/\/www.clicdata.com\/es\/wp-json\/wp\/v2\/pages\/3097246","targetHints":{"allow":["GET"]}}],"collection":[{"href":"https:\/\/www.clicdata.com\/es\/wp-json\/wp\/v2\/pages"}],"about":[{"href":"https:\/\/www.clicdata.com\/es\/wp-json\/wp\/v2\/types\/page"}],"author":[{"embeddable":true,"href":"https:\/\/www.clicdata.com\/es\/wp-json\/wp\/v2\/users\/2"}],"replies":[{"embeddable":true,"href":"https:\/\/www.clicdata.com\/es\/wp-json\/wp\/v2\/comments?post=3097246"}],"version-history":[{"count":1,"href":"https:\/\/www.clicdata.com\/es\/wp-json\/wp\/v2\/pages\/3097246\/revisions"}],"predecessor-version":[{"id":3097248,"href":"https:\/\/www.clicdata.com\/es\/wp-json\/wp\/v2\/pages\/3097246\/revisions\/3097248"}],"up":[{"embeddable":true,"href":"https:\/\/www.clicdata.com\/es\/wp-json\/wp\/v2\/pages\/3097247"}],"wp:attachment":[{"href":"https:\/\/www.clicdata.com\/es\/wp-json\/wp\/v2\/media?parent=3097246"}],"curies":[{"name":"wp","href":"https:\/\/api.w.org\/{rel}","templated":true}]}}